{"id":2492,"date":"2016-07-06T12:45:52","date_gmt":"2016-07-06T10:45:52","guid":{"rendered":"http:\/\/allgemeine-gefahrenstelle.de\/?page_id=2492"},"modified":"2017-07-06T20:09:51","modified_gmt":"2017-07-06T18:09:51","slug":"karte","status":"publish","type":"page","link":"https:\/\/allgemeine-gefahrenstelle.de\/?page_id=2492","title":{"rendered":"Karte"},"content":{"rendered":"<p>Die diesj\u00e4hrige Karte unserer Reise: Die Route wird St\u00fcck f\u00fcr St\u00fcck eingetragen.<\/p>\n<p><iframe loading=\"lazy\" src=\"https:\/\/www.google.com\/maps\/d\/u\/0\/embed?mid=1or8nVZIL9aZhewQyyIXIkpd2J6c\" width=\"640\" height=\"480\"><\/iframe><\/p>\n","protected":false},"excerpt":{"rendered":"<p>Die diesj\u00e4hrige Karte unserer Reise: Die Route wird St\u00fcck f\u00fcr St\u00fcck eingetragen.<\/p>\n","protected":false},"author":1,"featured_media":0,"parent":0,"menu_order":0,"comment_status":"closed","ping_status":"closed","template":"","meta":{"footnotes":""},"class_list":["post-2492","page","type-page","status-publish","hentry"],"_links":{"self":[{"href":"https:\/\/allgemeine-gefahrenstelle.de\/index.php?rest_route=\/wp\/v2\/pages\/2492","targetHints":{"allow":["GET"]}}],"collection":[{"href":"https:\/\/allgemeine-gefahrenstelle.de\/index.php?rest_route=\/wp\/v2\/pages"}],"about":[{"href":"https:\/\/allgemeine-gefahrenstelle.de\/index.php?rest_route=\/wp\/v2\/types\/page"}],"author":[{"embeddable":true,"href":"https:\/\/allgemeine-gefahrenstelle.de\/index.php?rest_route=\/wp\/v2\/users\/1"}],"replies":[{"embeddable":true,"href":"https:\/\/allgemeine-gefahrenstelle.de\/index.php?rest_route=%2Fwp%2Fv2%2Fcomments&post=2492"}],"version-history":[{"count":3,"href":"https:\/\/allgemeine-gefahrenstelle.de\/index.php?rest_route=\/wp\/v2\/pages\/2492\/revisions"}],"predecessor-version":[{"id":2772,"href":"https:\/\/allgemeine-gefahrenstelle.de\/index.php?rest_route=\/wp\/v2\/pages\/2492\/revisions\/2772"}],"wp:attachment":[{"href":"https:\/\/allgemeine-gefahrenstelle.de\/index.php?rest_route=%2Fwp%2Fv2%2Fmedia&parent=2492"}],"curies":[{"name":"wp","href":"https:\/\/api.w.org\/{rel}","templated":true}]}}